{"id":1553,"date":"2025-10-30T18:15:08","date_gmt":"2025-10-30T17:15:08","guid":{"rendered":"https:\/\/www.hostel-center.com\/flatrate\/?page_id=1553"},"modified":"2025-12-04T17:36:18","modified_gmt":"2025-12-04T16:36:18","slug":"datenschutzerklaerung-dsgvo-maedelsabend","status":"publish","type":"page","link":"https:\/\/www.hostel-center.com\/flatrate\/?page_id=1553","title":{"rendered":"Datenschutzerkl\u00e4rung (DSGVO) &#8220;M\u00e4delsabend&#8221;"},"content":{"rendered":"\n<p>(g\u00fcltig nur im Falle der tats\u00e4chlichen Durchf\u00fchrung einer Veranstaltung)<\/p>\n\n\n\n<h3 class=\"wp-block-heading\">1. Verantwortliche Person<\/h3>\n\n\n\n<p>Veranstalter\/in des privaten M\u00e4delsabends<br>Softplus GmbH &#8221; Unsere Kleine Kneipe (eventstube51.de)&#8221;<br>E-Mail: info@softplus-gmbh.de<br>Telefon: 0176 461 287 41<\/p>\n\n\n\n<h3 class=\"wp-block-heading\">2. Verarbeitete Daten<\/h3>\n\n\n\n<ul class=\"wp-block-list\">\n<li>Name<\/li>\n\n\n\n<li>Kontaktdaten (E-Mail, Mobilnummer)<\/li>\n\n\n\n<li>Optionale Profil- oder Einlassfotos (wenn angegeben)<\/li>\n\n\n\n<li>Anwesenheitsstatus \/ Zusage<\/li>\n<\/ul>\n\n\n\n<h3 class=\"wp-block-heading\">3. Zweck der Datenverarbeitung<\/h3>\n\n\n\n<ul class=\"wp-block-list\">\n<li>Einladungs- und Teilnehmerverwaltung<\/li>\n\n\n\n<li>Zutrittskontrolle<\/li>\n\n\n\n<li>Durchf\u00fchrung der privaten Veranstaltung<\/li>\n\n\n\n<li>Kommunikation mit Teilnehmerinnen<\/li>\n<\/ul>\n\n\n\n<h3 class=\"wp-block-heading\">4. Rechtsgrundlage<\/h3>\n\n\n\n<p>Art. 6 Abs. 1 lit. b DSGVO (Teilnahmeverwaltung)<br>Art. 6 Abs. 1 lit. a DSGVO (Einwilligung, z. B. bei Fotos)<\/p>\n\n\n\n<h3 class=\"wp-block-heading\">5. Speicherdauer<\/h3>\n\n\n\n<p>Daten werden nach Abschluss der Veranstaltung und Ende der administrativen Nachbearbeitung gel\u00f6scht, sp\u00e4testens nach <strong>6 Monaten<\/strong>, sofern keine gesetzliche Aufbewahrungspflicht besteht oder eine Einwilligung zur l\u00e4ngeren Speicherung erteilt wurde.<\/p>\n\n\n\n<h3 class=\"wp-block-heading\">6. Weitergabe an Dritte<\/h3>\n\n\n\n<p>Keine Weitergabe an Dritte, au\u00dfer rechtlich erforderlich (z. B. Sicherheitsbeh\u00f6rden bei Straftaten).<\/p>\n\n\n\n<h3 class=\"wp-block-heading\">7. Betroffenenrechte<\/h3>\n\n\n\n<p>Du hast jederzeit das Recht auf:<\/p>\n\n\n\n<ul class=\"wp-block-list\">\n<li>Auskunft<\/li>\n\n\n\n<li>Berichtigung<\/li>\n\n\n\n<li>L\u00f6schung<\/li>\n\n\n\n<li>Einschr\u00e4nkung der Verarbeitung<\/li>\n\n\n\n<li>Daten\u00fcbertragbarkeit<\/li>\n\n\n\n<li>Widerruf erteilter Einwilligungen<\/li>\n<\/ul>\n\n\n\n<h3 class=\"wp-block-heading\">8. Widerruf<\/h3>\n\n\n\n<p>Ein Widerruf ist jederzeit m\u00f6glich.<br>Zur Aus\u00fcbung gen\u00fcgt eine Nachricht an die oben genannte Kontaktadresse.<\/p>\n\n\n\n<h3 class=\"wp-block-heading\">9. Sicherheit<\/h3>\n\n\n\n<p>Daten werden vertraulich behandelt und nach aktuellen Sicherheitsstandards gesch\u00fctzt.<\/p>\n","protected":false},"excerpt":{"rendered":"<p>(g\u00fcltig nur im Falle der tats\u00e4chlichen Durchf\u00fchrung einer Veranstaltung) 1. Verantwortliche Person Veranstalter\/in des privaten M\u00e4delsabendsSoftplus GmbH &#8221; Unsere Kleine Kneipe (eventstube51.de)&#8221;E-Mail: info@softplus-gmbh.deTelefon: 0176 461 287 41 2. Verarbeitete Daten 3. Zweck der Datenverarbeitung 4. Rechtsgrundlage Art. 6 Abs. 1 lit. b DSGVO (Teilnahmeverwaltung)Art. 6 Abs. 1 lit. a DSGVO (Einwilligung, z. B. bei Fotos) [&hellip;]<\/p>\n","protected":false},"author":1,"featured_media":0,"parent":0,"menu_order":0,"comment_status":"closed","ping_status":"closed","template":"","meta":{"_joinchat":[],"footnotes":""},"class_list":["post-1553","page","type-page","status-publish","hentry"],"_links":{"self":[{"href":"https:\/\/www.hostel-center.com\/flatrate\/index.php?rest_route=\/wp\/v2\/pages\/1553","targetHints":{"allow":["GET"]}}],"collection":[{"href":"https:\/\/www.hostel-center.com\/flatrate\/index.php?rest_route=\/wp\/v2\/pages"}],"about":[{"href":"https:\/\/www.hostel-center.com\/flatrate\/index.php?rest_route=\/wp\/v2\/types\/page"}],"author":[{"embeddable":true,"href":"https:\/\/www.hostel-center.com\/flatrate\/index.php?rest_route=\/wp\/v2\/users\/1"}],"replies":[{"embeddable":true,"href":"https:\/\/www.hostel-center.com\/flatrate\/index.php?rest_route=%2Fwp%2Fv2%2Fcomments&post=1553"}],"version-history":[{"count":2,"href":"https:\/\/www.hostel-center.com\/flatrate\/index.php?rest_route=\/wp\/v2\/pages\/1553\/revisions"}],"predecessor-version":[{"id":1763,"href":"https:\/\/www.hostel-center.com\/flatrate\/index.php?rest_route=\/wp\/v2\/pages\/1553\/revisions\/1763"}],"wp:attachment":[{"href":"https:\/\/www.hostel-center.com\/flatrate\/index.php?rest_route=%2Fwp%2Fv2%2Fmedia&parent=1553"}],"curies":[{"name":"wp","href":"https:\/\/api.w.org\/{rel}","templated":true}]}}