{"id":192,"date":"2025-06-04T18:34:30","date_gmt":"2025-06-04T16:34:30","guid":{"rendered":"https:\/\/www.hostel-center.com\/flatrate\/?page_id=192"},"modified":"2025-12-04T17:42:22","modified_gmt":"2025-12-04T16:42:22","slug":"about-us","status":"publish","type":"page","link":"https:\/\/www.hostel-center.com\/flatrate\/?page_id=192","title":{"rendered":"\u00dcber Uns"},"content":{"rendered":"<h4 data-start=\"648\" data-end=\"699\">\u2728 <strong data-start=\"652\" data-end=\"697\">\u00dcber uns \u2013 Willkommen in der Eventstube51<\/strong><\/h4>\n<p data-start=\"700\" data-end=\"729\"><em data-start=\"700\" data-end=\"729\">Exklusiv. Pers\u00f6nlich. Echt.<\/em><\/p>\n<p data-start=\"731\" data-end=\"989\">\u201eUnsere Kleine Kneipe ( jetzt eventstube51.de)\u201c hat sich ver\u00e4ndert \u2013 aber nicht verloren.<br data-start=\"795\" data-end=\"798\" \/>Ab dem 1.1.2026 \u00f6ffnen wir unsere T\u00fcren nicht mehr f\u00fcr den \u00f6ffentlichen Kneipenbetrieb, sondern ausschlie\u00dflich f\u00fcr <strong data-start=\"913\" data-end=\"988\">private Gruppen, geschlossene Gesellschaften und echte Lieblingsmomente<\/strong>.<\/p>\n<p data-start=\"991\" data-end=\"1201\">Damit wird aus einer traditionellen Kneipe ein moderner, vollst\u00e4ndig lizenzierter <strong data-start=\"1073\" data-end=\"1093\">Privat-Partyraum<\/strong>, der nur eins zum Ziel hat:<br data-start=\"1121\" data-end=\"1124\" \/>\u2728 Menschen einen Ort zu geben, an dem sie feiern k\u00f6nnen, wie <em data-start=\"1185\" data-end=\"1190\">sie<\/em> es wollen.<\/p>\n<hr data-start=\"1203\" data-end=\"1206\" \/>\n<h4 data-start=\"1208\" data-end=\"1237\">\u2764\ufe0f <strong data-start=\"1214\" data-end=\"1235\">Warum wir das tun<\/strong><\/h4>\n<p data-start=\"1238\" data-end=\"1330\">Die Zeiten \u00e4ndern sich \u2013 und wir uns mit ihnen.<br data-start=\"1285\" data-end=\"1288\" \/>Viele G\u00e4ste haben uns immer wieder gesagt:<\/p>\n<p data-start=\"1332\" data-end=\"1431\"><em data-start=\"1332\" data-end=\"1431\">\u201eUnsere Kneipe f\u00fchlt sich wie ein Wohnzimmer an \u2014 bitte macht weiter, aber nicht wie alle anderen.\u201c<\/em><\/p>\n<p data-start=\"1433\" data-end=\"1451\">Genau das tun wir.<\/p>\n<p data-start=\"1453\" data-end=\"1578\">Wir verabschieden uns vom Alltagstrubel einer offenen Kneipe und konzentrieren uns auf das, was uns wirklich am Herzen liegt:<\/p>\n<ul data-start=\"1580\" data-end=\"1743\">\n<li data-start=\"1580\" data-end=\"1627\">\n<p data-start=\"1582\" data-end=\"1627\"><strong data-start=\"1582\" data-end=\"1625\">Pers\u00f6nliche Feiern, keine anonyme Masse<\/strong><\/p>\n<\/li>\n<li data-start=\"1628\" data-end=\"1686\">\n<p data-start=\"1630\" data-end=\"1686\"><strong data-start=\"1630\" data-end=\"1684\">Echte Begegnungen statt austauschbarem Clubfeeling<\/strong><\/p>\n<\/li>\n<li data-start=\"1687\" data-end=\"1743\">\n<p data-start=\"1689\" data-end=\"1743\"><strong data-start=\"1689\" data-end=\"1743\">Ein Raum voller Charakter, W\u00e4rme und Authentizit\u00e4t<\/strong><\/p>\n<\/li>\n<\/ul>\n<p data-start=\"1745\" data-end=\"1811\">Wir machen weiter \u2014 aber <strong data-start=\"1770\" data-end=\"1810\">bewusster, exklusiver und intensiver<\/strong>.<\/p>\n<hr data-start=\"1813\" data-end=\"1816\" \/>\n<h4 data-start=\"1818\" data-end=\"1855\">\ud83c\udf89 <strong data-start=\"1824\" data-end=\"1853\">Was dich bei uns erwartet<\/strong><\/h4>\n<p data-start=\"1856\" data-end=\"1911\">Unser Raum ist nicht nur ein Ort \u2013 er ist ein Erlebnis:<\/p>\n<p data-start=\"1913\" data-end=\"2017\">\ud83c\udfe1 <strong data-start=\"1916\" data-end=\"1938\">Ambiente mit Seele<\/strong><br data-start=\"1938\" data-end=\"1941\" \/>Mehr Wohnzimmer als Eventhalle, mehr Pers\u00f6nlichkeit als Standard-Location.<\/p>\n<p data-start=\"2019\" data-end=\"2131\">\ud83c\udf7b <strong data-start=\"2022\" data-end=\"2064\">Die Theke bleibt \u2013 und der Charme auch<\/strong><br data-start=\"2064\" data-end=\"2067\" \/>Echte Gespr\u00e4che, ehrliche Menschen, handfestes Kneipenfeeling.<\/p>\n<p data-start=\"2133\" data-end=\"2220\">\ud83c\udfb6 <strong data-start=\"2136\" data-end=\"2169\">Individuelle Musik &amp; Stimmung<\/strong><br data-start=\"2169\" data-end=\"2172\" \/>Du bestimmst, was l\u00e4uft und wie gefeiert wird.<\/p>\n<p data-start=\"2222\" data-end=\"2300\">\ud83d\udd10 <strong data-start=\"2225\" data-end=\"2241\">Exklusivit\u00e4t<\/strong><br data-start=\"2241\" data-end=\"2244\" \/>Nur du und deine G\u00e4ste. Keine Fremden. Kein Durchlauf.<\/p>\n<p data-start=\"2302\" data-end=\"2386\">\ud83d\udcdc <strong data-start=\"2305\" data-end=\"2332\">Alle Lizenzen vorhanden<\/strong><br data-start=\"2332\" data-end=\"2335\" \/>Rechtlich sauber, sicher und professionell nutzbar.<\/p>\n<hr data-start=\"2388\" data-end=\"2391\" \/>\n<h4 data-start=\"2393\" data-end=\"2434\">\ud83c\udf1f <strong data-start=\"2399\" data-end=\"2432\">F\u00fcr wen ist die Eventstube51?<\/strong><\/h4>\n<p data-start=\"2435\" data-end=\"2495\">F\u00fcr alle, die einen Raum wollen, der nicht austauschbar ist:<\/p>\n<ul data-start=\"2497\" data-end=\"2649\">\n<li data-start=\"2497\" data-end=\"2515\">\n<p data-start=\"2499\" data-end=\"2515\">Private Partys<\/p>\n<\/li>\n<li data-start=\"2516\" data-end=\"2533\">\n<p data-start=\"2518\" data-end=\"2533\">Vereinsabende<\/p>\n<\/li>\n<li data-start=\"2534\" data-end=\"2549\">\n<p data-start=\"2536\" data-end=\"2549\">Geburtstage<\/p>\n<\/li>\n<li data-start=\"2550\" data-end=\"2566\">\n<p data-start=\"2552\" data-end=\"2566\">Firmenfeiern<\/p>\n<\/li>\n<li data-start=\"2567\" data-end=\"2582\">\n<p data-start=\"2569\" data-end=\"2582\">Stammtische<\/p>\n<\/li>\n<li data-start=\"2583\" data-end=\"2598\">\n<p data-start=\"2585\" data-end=\"2598\">Mottoabende<\/p>\n<\/li>\n<li data-start=\"2599\" data-end=\"2621\">\n<p data-start=\"2601\" data-end=\"2621\">After-Work-Treffen<\/p>\n<\/li>\n<li data-start=\"2622\" data-end=\"2649\">\n<p data-start=\"2624\" data-end=\"2649\">Kleine Events jeder Art<\/p>\n<\/li>\n<\/ul>\n<p data-start=\"2651\" data-end=\"2701\">Mit Platz f\u00fcr echte Atmosph\u00e4re \u2014 nicht f\u00fcr Massen.<\/p>\n<hr data-start=\"2703\" data-end=\"2706\" \/>\n<h4 data-start=\"2708\" data-end=\"2734\">\ud83e\udd1d <strong data-start=\"2714\" data-end=\"2732\">Unsere Haltung<\/strong><\/h4>\n<p data-start=\"2735\" data-end=\"2750\">Wir glauben an:<\/p>\n<ul data-start=\"2752\" data-end=\"2926\">\n<li data-start=\"2752\" data-end=\"2783\">\n<p data-start=\"2754\" data-end=\"2783\">kleine Orte mit gro\u00dfem Herz<\/p>\n<\/li>\n<li data-start=\"2784\" data-end=\"2825\">\n<p data-start=\"2786\" data-end=\"2825\">Menschen, die einander etwas bedeuten<\/p>\n<\/li>\n<li data-start=\"2826\" data-end=\"2864\">\n<p data-start=\"2828\" data-end=\"2864\">Feiern, die nicht an der T\u00fcr enden<\/p>\n<\/li>\n<li data-start=\"2865\" data-end=\"2926\">\n<p data-start=\"2867\" data-end=\"2926\">Abende, die w\u00e4rmer sind als jedes perfekte Instagram-Foto<\/p>\n<\/li>\n<\/ul>\n<p data-start=\"2928\" data-end=\"3003\">Hier z\u00e4hlt nicht, wer du bist \u2014 sondern <strong data-start=\"2968\" data-end=\"3002\">dass du deinen Moment bekommst<\/strong>.<\/p>\n<hr data-start=\"3005\" data-end=\"3008\" \/>\n<h4 data-start=\"3010\" data-end=\"3073\">\ud83d\udccd <strong data-start=\"3016\" data-end=\"3071\">Eventstube51 \u2013 Der private Partyraum mit Geschichte<\/strong><\/h4>\n<p data-start=\"3074\" data-end=\"3235\">\u201eUnsere Kleine Kneipe\u201c lebt weiter \u2014 nur anders.<br data-start=\"3122\" data-end=\"3125\" \/>Moderner. Klarer. Intimer.<br data-start=\"3151\" data-end=\"3154\" \/>Und immer noch mit genau dem Gef\u00fchl, das uns all die Jahre besonders gemacht hat.<\/p>\n<p data-start=\"3237\" data-end=\"3327\">Wenn du bereit bist, deinen Abend zu etwas Besonderem zu machen, sind wir bereit f\u00fcr dich.<\/p>\n","protected":false},"excerpt":{"rendered":"<p>\u2728 \u00dcber uns \u2013 Willkommen in der Eventstube51 Exklusiv. Pers\u00f6nlich. Echt. \u201eUnsere Kleine Kneipe ( jetzt eventstube51.de)\u201c hat sich ver\u00e4ndert \u2013 aber nicht verloren.Ab dem 1.1.2026 \u00f6ffnen wir unsere T\u00fcren nicht mehr f\u00fcr den \u00f6ffentlichen Kneipenbetrieb, sondern ausschlie\u00dflich f\u00fcr private Gruppen, geschlossene Gesellschaften und echte Lieblingsmomente. Damit wird aus einer traditionellen Kneipe ein moderner, vollst\u00e4ndig [&hellip;]<\/p>\n","protected":false},"author":1,"featured_media":1068,"parent":0,"menu_order":0,"comment_status":"closed","ping_status":"closed","template":"","meta":{"_joinchat":[],"footnotes":""},"class_list":["post-192","page","type-page","status-publish","has-post-thumbnail","hentry"],"_links":{"self":[{"href":"https:\/\/www.hostel-center.com\/flatrate\/index.php?rest_route=\/wp\/v2\/pages\/192","targetHints":{"allow":["GET"]}}],"collection":[{"href":"https:\/\/www.hostel-center.com\/flatrate\/index.php?rest_route=\/wp\/v2\/pages"}],"about":[{"href":"https:\/\/www.hostel-center.com\/flatrate\/index.php?rest_route=\/wp\/v2\/types\/page"}],"author":[{"embeddable":true,"href":"https:\/\/www.hostel-center.com\/flatrate\/index.php?rest_route=\/wp\/v2\/users\/1"}],"replies":[{"embeddable":true,"href":"https:\/\/www.hostel-center.com\/flatrate\/index.php?rest_route=%2Fwp%2Fv2%2Fcomments&post=192"}],"version-history":[{"count":9,"href":"https:\/\/www.hostel-center.com\/flatrate\/index.php?rest_route=\/wp\/v2\/pages\/192\/revisions"}],"predecessor-version":[{"id":1768,"href":"https:\/\/www.hostel-center.com\/flatrate\/index.php?rest_route=\/wp\/v2\/pages\/192\/revisions\/1768"}],"wp:featuredmedia":[{"embeddable":true,"href":"https:\/\/www.hostel-center.com\/flatrate\/index.php?rest_route=\/wp\/v2\/media\/1068"}],"wp:attachment":[{"href":"https:\/\/www.hostel-center.com\/flatrate\/index.php?rest_route=%2Fwp%2Fv2%2Fmedia&parent=192"}],"curies":[{"name":"wp","href":"https:\/\/api.w.org\/{rel}","templated":true}]}}