{"id":201,"date":"2025-06-04T18:34:30","date_gmt":"2025-06-04T16:34:30","guid":{"rendered":"https:\/\/www.hostel-center.com\/flatrate\/?page_id=201"},"modified":"2025-06-11T21:48:50","modified_gmt":"2025-06-11T19:48:50","slug":"contact","status":"publish","type":"page","link":"https:\/\/www.hostel-center.com\/flatrate\/?page_id=201","title":{"rendered":"Kontakt zu uns"},"content":{"rendered":"<h3 data-start=\"150\" data-end=\"190\">\ud83d\udcde <strong data-start=\"157\" data-end=\"190\">Kontakt \u2013 So erreichst du uns<\/strong><\/h3>\n<p data-start=\"192\" data-end=\"370\">Du hast Fragen zu unseren <strong data-start=\"218\" data-end=\"236\">Partys<\/strong>, m\u00f6chtest dich \u00fcber eine <strong data-start=\"262\" data-end=\"283\">private Anmietung<\/strong> der Location informieren oder brauchst Hilfe bei der Registrierung oder Ticketreservierung?<\/p>\n<p data-start=\"372\" data-end=\"432\">Wir sind f\u00fcr dich da \u2013 direkt, unkompliziert und pers\u00f6nlich.<\/p>\n<p data-start=\"434\" data-end=\"565\">\ud83d\udcf2 <strong data-start=\"437\" data-end=\"458\">WhatsApp Support:<\/strong><br data-start=\"458\" data-end=\"461\" \/>Am schnellsten erreichst du uns \u00fcber WhatsApp.<br data-start=\"507\" data-end=\"510\" \/>Einfach schreiben \u2013 wir antworten in der Regel zeitnah.<\/p>\n<p data-start=\"567\" data-end=\"721\">\ud83d\udce7 <strong data-start=\"570\" data-end=\"581\">E-Mail:<\/strong><br data-start=\"581\" data-end=\"584\" \/>F\u00fcr ausf\u00fchrlichere Anliegen kannst du uns auch per E-Mail kontaktieren.<br data-start=\"655\" data-end=\"658\" \/>Nutze dazu am besten unser <strong data-start=\"685\" data-end=\"704\">Kontaktformular<\/strong> auf der Website.<\/p>\n<p data-start=\"723\" data-end=\"1015\">\ud83c\udfe0 <strong data-start=\"726\" data-end=\"738\">Vor Ort:<\/strong><br data-start=\"738\" data-end=\"741\" \/>Unsere kleine Partykneipe befindet sich in 26683 Saterland \/ Sedelsberg \u2013 der genaue Ort wird dir nach erfolgreicher Registrierung und Ticket Reservierung mitgeteilt.<br data-start=\"897\" data-end=\"900\" \/>Bitte beachte: Das in der regel <strong data-start=\"915\" data-end=\"1015\">Kein \u00f6ffentlicher Publikumsverkehr \u2013 Zugang (Freitags) nur f\u00fcr registrierte Mitglieder mit g\u00fcltigem Reservierung m\u00f6glich ist.<\/strong><\/p>\n<hr data-start=\"1017\" data-end=\"1020\" \/>\n<h3 data-start=\"492\" data-end=\"531\">\u26a0\ufe0f Hinweis zum respektvollen Umgang<\/h3>\n<p data-start=\"533\" data-end=\"801\">Wir legen gro\u00dfen Wert auf eine angenehme, respektvolle Atmosph\u00e4re \u2013 sowohl vor Ort als auch im digitalen Austausch.<br data-start=\"648\" data-end=\"651\" \/>Da unsere Veranstaltungen bewusst pers\u00f6nlich und begrenzt gehalten sind, bitten wir dich, mit Informationen und Anfragen verantwortungsvoll umzugehen.<\/p>\n<p data-start=\"803\" data-end=\"975\">\ud83d\udd12 Der Schutz unserer G\u00e4ste und die Wahrung ihrer Privatsph\u00e4re stehen bei uns an erster Stelle \u2013 das erwarten wir auch von allen, die Teil unserer Community werden m\u00f6chten.<\/p>\n<hr data-start=\"1297\" data-end=\"1300\" \/>\n<p data-start=\"1302\" data-end=\"1379\"><strong data-start=\"1302\" data-end=\"1379\">Wir freuen uns, von dir zu h\u00f6ren \u2013 und vielleicht bald mit dir zu feiern!<\/strong><\/p>\n","protected":false},"excerpt":{"rendered":"<p>\ud83d\udcde Kontakt \u2013 So erreichst du uns Du hast Fragen zu unseren Partys, m\u00f6chtest dich \u00fcber eine private Anmietung der Location informieren oder brauchst Hilfe bei der Registrierung oder Ticketreservierung? Wir sind f\u00fcr dich da \u2013 direkt, unkompliziert und pers\u00f6nlich. \ud83d\udcf2 WhatsApp Support:Am schnellsten erreichst du uns \u00fcber WhatsApp.Einfach schreiben \u2013 wir antworten in der [&hellip;]<\/p>\n","protected":false},"author":1,"featured_media":0,"parent":0,"menu_order":0,"comment_status":"closed","ping_status":"closed","template":"","meta":{"_joinchat":[],"footnotes":""},"class_list":["post-201","page","type-page","status-publish","hentry"],"_links":{"self":[{"href":"https:\/\/www.hostel-center.com\/flatrate\/index.php?rest_route=\/wp\/v2\/pages\/201","targetHints":{"allow":["GET"]}}],"collection":[{"href":"https:\/\/www.hostel-center.com\/flatrate\/index.php?rest_route=\/wp\/v2\/pages"}],"about":[{"href":"https:\/\/www.hostel-center.com\/flatrate\/index.php?rest_route=\/wp\/v2\/types\/page"}],"author":[{"embeddable":true,"href":"https:\/\/www.hostel-center.com\/flatrate\/index.php?rest_route=\/wp\/v2\/users\/1"}],"replies":[{"embeddable":true,"href":"https:\/\/www.hostel-center.com\/flatrate\/index.php?rest_route=%2Fwp%2Fv2%2Fcomments&post=201"}],"version-history":[{"count":2,"href":"https:\/\/www.hostel-center.com\/flatrate\/index.php?rest_route=\/wp\/v2\/pages\/201\/revisions"}],"predecessor-version":[{"id":551,"href":"https:\/\/www.hostel-center.com\/flatrate\/index.php?rest_route=\/wp\/v2\/pages\/201\/revisions\/551"}],"wp:attachment":[{"href":"https:\/\/www.hostel-center.com\/flatrate\/index.php?rest_route=%2Fwp%2Fv2%2Fmedia&parent=201"}],"curies":[{"name":"wp","href":"https:\/\/api.w.org\/{rel}","templated":true}]}}