{"id":394,"date":"2025-06-07T17:55:44","date_gmt":"2025-06-07T15:55:44","guid":{"rendered":"https:\/\/www.hostel-center.com\/flatrate\/?page_id=394"},"modified":"2025-12-04T17:38:48","modified_gmt":"2025-12-04T16:38:48","slug":"impresum","status":"publish","type":"page","link":"https:\/\/www.hostel-center.com\/flatrate\/?page_id=394","title":{"rendered":"Impressum"},"content":{"rendered":"\n<p><strong>Name und Adresse<\/strong><br>SOFTPLUS GmbH<br>Gartenring 18<br>26683 Saterland Sedelsberg<br>Deutschland<\/p>\n\n\n\n<p><strong>Betreiber von:<\/strong><br><a href=\"http:\/\/www.hostel-center.com\">www.hostel-center.com<\/a>, www.softplus-gmbh.de, www.eventstube51.de<\/p>\n\n\n\n<p><strong>Gesch\u00e4ftsf\u00fchrer:<\/strong><br>Andre Schnieders<\/p>\n\n\n\n<p><strong>Kontakt:<\/strong><br>WhatsApp: +49 176 461 287 41<br>E-Mail: <a>softplus-gmbh@web.de<\/a><\/p>\n\n\n\n<p><strong>Sitz der Gesellschaft:<\/strong><br>Saterland<\/p>\n\n\n\n<p><strong>Handelsregister:<\/strong><br>Oldenburg HRB 212693<\/p>\n\n\n\n<p><strong>Umsatzsteuer-Identifikationsnummer:<\/strong><br>DE199333152<\/p>\n\n\n\n<h3 class=\"wp-block-heading\">Haftung f\u00fcr Inhalte<\/h3>\n\n\n\n<p>Die Inhalte Entsorger Seiten Wurden mit Gr\u00f6\u00dfter Sorgfalt Erstellt. F\u00fcr die Richtigkeit, Vollstadt und Aktualit\u00e4t der Inhalten k\u00f6nnen wir jedoch keine Gew\u00e4hr \u00fcbernehmen. Als Diensteanbieter sind wir gem\u00e4\u00df \u00a77 Abs.1 TMG f\u00fcr Eigene Inhalte auf diesen Seiten nach den allgemeinen Gesetzen verantwortlich. Nach \u00a7\u00a78 bis 10 TMG sind wir als Diensteanbieter jedoch nicht verpflichtet, \u00fcbermittelte oder gesch\u00e4ftete fremde Informationen zu \u00fcberwachen oder nach Umst\u00e4tten zu forschen, die auf eine rechtswidrige T\u00e4tigkeit hinweisen. Verpflichtungen zur Entfaltung oder Sperrung der Nutzung von Informationen nach den allgemeinen Gesetzen bleiben hiervon unber\u00fchrt. Eine Haftung ist jedoch erst ab dem Zeitpunkt der Kennnis einer konkreten rechtsversetzung m\u00f6glich. Bei Bekanntwerden von eltsprenden rechtsverletzungen werden wir diese Inhalte umgehend entfernen.<\/p>\n\n\n\n<h3 class=\"wp-block-heading\">Haftung f\u00fcr Links<\/h3>\n\n\n\n<p>Unser Angebot enth\u00e4lt Links zu externen Webseiten Dritter, auf dereren Inhalte wir keinen Einfluss haben. Deshalb k\u00f6nnen wir f\u00fcr diese fremden Inhalte auch keine Gew\u00e4hr \u00fcbernehmen. F\u00fcr die Inhalte der verlinkten Seiten ist tets der juwelen anbieter oder Betreiber der Seiten verantwortlich. Die verlinkten Seiten w\u00fcrden zum Zeitpunkt der Verlinkung auf m\u00f6glische Rechtsverst\u00f6\u00dfe \u00fcberpr\u00fcft. Rechtswidrige Inhalte Waren zum Zeitpunkt der Verkn\u00fcpfung nicht Erkennbar. Eine permanente inhaltliche Kontrolle der verlinkten Seiten ist jedoch ohne konkrete Anhaltepunkte einer Rechtsversetzung nicht zumutbar. Bei Bekanntwerden von Rechtsverletzungen werden wir derartige Links umgehend entfernen.<\/p>\n\n\n\n<h3 class=\"wp-block-heading has-text-align-left\">Rechtlicher Disclaimer f\u00fcr <strong>Private Veranstaltungen<\/strong><\/h3>\n\n\n\n<p>Hinweis: Die hier aufgef\u00fchrten Veranstaltungen sind rein privat und erfolgen ausschlie\u00dflich im geschlossenen Kreis auf pers\u00f6nliche Einladung. Es handelt sich ausdr\u00fccklich nicht um \u00f6ffentliche Veranstaltungen im Sinne von \u00a7 1 Versammlungsgesetz oder vergleichbarer Rechtsvorschriften. Der Zugang zu diesen Informationen ist ausschlie\u00dflich Mitgliedern vorbehalten.<\/p>\n\n\n\n<p>Eine Weitergabe von Inhalten, Zeiten, Orten oder Teilnahmebedingungen an Dritte ist untersagt. Bei Zuwiderhandlung behalten wir uns rechtliche Schritte sowie den dauerhaften Ausschluss aus dem Mitgliederbereich vor.<\/p>\n\n\n\n<p>Mit dem Zugriff auf diesen Bereich best\u00e4tigst du, dass du zur privaten Teilnehmergruppe geh\u00f6rst und die Inhalte ausschlie\u00dflich f\u00fcr den pers\u00f6nlichen Gebrauch verwendest.<\/p>\n\n\n\n<h3 class=\"wp-block-heading\">Urheberrecht<\/h3>\n\n\n\n<p>Die durch die Seitenbetreiber erstellen Inhalte und Werke auf diesen Seiten unterlieben dem deutschen Urheberrecht. Die Vervielf\u00e4ltigung, Bearbeitung, Verbeitung und jede Art der Verwertung auserhalb der Grenzen des Urheberrechts bed\u00fcrfen der schriftlichen Zukunft des juwelen autors bzw. Ersteller. Downloads und Kopien dieser Seite sind nur f\u00fcr den privaten, nicht kommerzien Gebrauch gestattet. Soweit die Inhalte auf dieser Seite nicht vom Betreiber erstellt wurden, werden die Urheberrechte Dritter beachtet. Insbesondere werden Inhalte Dritter als solche gekennzeichnet. Sollten Sie trotzdem auf einer Urheberrechtsversetzung auf merksam werden, gebissen wir um einen entsprechenden Hinweis. Bei Bekanntwerden von Rechtsverletzungen werden wir derartige Inhalte umgehend entfernen.<\/p>\n\n\n\n<h3 class=\"wp-block-heading\">Online-Streitbeilegungsplattform<\/h3>\n\n\n\n<p>Die Europ\u00e4ische Kommission stellt eine Online-Plattform zur ausergerichtlichen Streitbeilegung bereit: <a href=\"https:\/\/ec.europa.eu\/consumers\/odr\">https:\/\/ec.europa.eu\/consumers\/odr<\/a><\/p>\n\n\n\n<p><\/p>\n\n\n\n<p><\/p>\n","protected":false},"excerpt":{"rendered":"<p>Name und AdresseSOFTPLUS GmbHGartenring 1826683 Saterland SedelsbergDeutschland Betreiber von:www.hostel-center.com, www.softplus-gmbh.de, www.eventstube51.de Gesch\u00e4ftsf\u00fchrer:Andre Schnieders Kontakt:WhatsApp: +49 176 461 287 41E-Mail: softplus-gmbh@web.de Sitz der Gesellschaft:Saterland Handelsregister:Oldenburg HRB 212693 Umsatzsteuer-Identifikationsnummer:DE199333152 Haftung f\u00fcr Inhalte Die Inhalte Entsorger Seiten Wurden mit Gr\u00f6\u00dfter Sorgfalt Erstellt. F\u00fcr die Richtigkeit, Vollstadt und Aktualit\u00e4t der Inhalten k\u00f6nnen wir jedoch keine Gew\u00e4hr \u00fcbernehmen. Als Diensteanbieter [&hellip;]<\/p>\n","protected":false},"author":1,"featured_media":0,"parent":0,"menu_order":0,"comment_status":"closed","ping_status":"closed","template":"","meta":{"_joinchat":[],"footnotes":""},"class_list":["post-394","page","type-page","status-publish","hentry"],"_links":{"self":[{"href":"https:\/\/www.hostel-center.com\/flatrate\/index.php?rest_route=\/wp\/v2\/pages\/394","targetHints":{"allow":["GET"]}}],"collection":[{"href":"https:\/\/www.hostel-center.com\/flatrate\/index.php?rest_route=\/wp\/v2\/pages"}],"about":[{"href":"https:\/\/www.hostel-center.com\/flatrate\/index.php?rest_route=\/wp\/v2\/types\/page"}],"author":[{"embeddable":true,"href":"https:\/\/www.hostel-center.com\/flatrate\/index.php?rest_route=\/wp\/v2\/users\/1"}],"replies":[{"embeddable":true,"href":"https:\/\/www.hostel-center.com\/flatrate\/index.php?rest_route=%2Fwp%2Fv2%2Fcomments&post=394"}],"version-history":[{"count":7,"href":"https:\/\/www.hostel-center.com\/flatrate\/index.php?rest_route=\/wp\/v2\/pages\/394\/revisions"}],"predecessor-version":[{"id":1765,"href":"https:\/\/www.hostel-center.com\/flatrate\/index.php?rest_route=\/wp\/v2\/pages\/394\/revisions\/1765"}],"wp:attachment":[{"href":"https:\/\/www.hostel-center.com\/flatrate\/index.php?rest_route=%2Fwp%2Fv2%2Fmedia&parent=394"}],"curies":[{"name":"wp","href":"https:\/\/api.w.org\/{rel}","templated":true}]}}