{"id":617,"date":"2025-06-21T21:56:27","date_gmt":"2025-06-21T19:56:27","guid":{"rendered":"https:\/\/www.hostel-center.com\/flatrate\/?page_id=617"},"modified":"2025-11-12T12:21:42","modified_gmt":"2025-11-12T11:21:42","slug":"1-preis","status":"publish","type":"page","link":"https:\/\/www.hostel-center.com\/flatrate\/?page_id=617","title":{"rendered":"Private Feiern (Wohnzimmer Party)"},"content":{"rendered":"\n<h4 class=\"wp-block-heading\">\ud83d\udd25 \u201eSichere dir deinen Platz im privaten Feier-Hotspot!\u201c<\/h4>\n\n\n\n<p>Feier smart \u2013 zahl nur einmal! \ud83c\udf7b<\/p>\n\n\n\n<p>\ud83d\udd25 Bei unseren privaten Wohnzimmer-Partys verwandelt sich \u201eUnsere Kleine Kneipe \u2013 Die Privaten Partymacher\u201c in deinen ganz pers\u00f6nlichen privaten Feier-Hotspot \u2013 und das zum Festpreis!<\/p>\n\n\n\n<p>\ud83d\udcb0 Was bedeutet das f\u00fcr dich?<\/p>\n\n\n\n<p>\ud83d\udc49 Unsere privaten Wohnzimmer-Partys sind nicht kommerziell. F\u00fcr Organisation, Reinigung, Getr\u00e4nke &amp; Technik f\u00e4llt eine geringf\u00fcgige Zugangspauschale an oder der Erwerb einer Verzehrkarte (10 \u20ac oder 20 \u20ac).<\/p>\n\n\n\n<p>\u2728 Bei unseren privaten Wohnzimmer-Partys kann alles passieren \u2013 ganz nach dem Motto: \u201eAlles kann, aber nichts muss\u201c und nichts dringt nach au\u00dfen.<\/p>\n\n\n\n<p>\ud83d\udd12 Details zur Zugangspauschale und zu allen privaten Event-Terminen findest du im gesch\u00fctzten Bereich \u2013 wenn du Mitglied unserer privaten Wohnzimmer-Community-Gruppe bist.<\/p>\n\n\n\n<p>\ud83d\udcb0 Hinweis: An den Wohnzimmer-Party-Terminen k\u00f6nnen andere Preise gelten.<\/p>\n\n\n\n<p>\ud83d\udd53 4 Stunden feiern, chillen &amp; genie\u00dfen oder auf Verzehrkarten.<br>\ud83c\udf79 Drinks, Stimmung &amp; Community inklusive.<\/p>\n\n\n\n<p>\ud83d\udc49 Unsere <strong>privaten Wohnzimmer-Partys<\/strong> sind f\u00fcr alle Community-Mitglieder zug\u00e4nglich.<br>\ud83d\udc49 Bei den <strong>reinen privaten Community-Gruppen-Partys<\/strong> hingegen haben ausschlie\u00dflich die Mitglieder der jeweiligen Gruppe Zugang zum Event \u2013 und die Preise sind entsprechend niedriger.<\/p>\n\n\n\n<p><\/p>\n\n\n\n<p><\/p>\n\n\n\n<hr class=\"wp-block-separator has-alpha-channel-opacity\"\/>\n\n\n\n<h3 class=\"wp-block-heading\">\ud83c\udfb6 <strong>Was dich erwartet:<\/strong><\/h3>\n\n\n\n<p>\u2705 Musik, die Laune macht \u2013 von chillig bis tanzbar<br>\u2705 Coole Leute in entspannter Atmosph\u00e4re<br>\u2705 \u00dcberraschungsaktionen &amp; kleine Specials<br>\u2705 Zugang zur <strong>privaten Event-Location<\/strong> (nur mit Anmeldung)<\/p>\n\n\n\n<hr class=\"wp-block-separator has-alpha-channel-opacity\"\/>\n\n\n\n<h3 class=\"wp-block-heading\">\u2757 <strong>Wichtig:<\/strong><\/h3>\n\n\n\n<p>\ud83d\udccd <strong>Der Zugang zu unseren privaten Wohnzimmer-Partys sowie das Begleichen der Zugangspauschale bzw. der Erwerb einer Verzehrkarte (10 \u20ac oder 20 \u20ac) ist ausschlie\u00dflich nach vorheriger Ticketbuchung \u00fcber diese Homepage m\u00f6glich.<\/strong><br>\ud83d\udd57 Einlass nur bis zur festgelegten Uhrzeit<br>\ud83d\udd1e Teilnahme ab 18 Jahren \u2013 Ausweis nicht vergessen!<br>\u26a0\ufe0f <em><strong>Damit das Event stattfinden kann, brauchen wir mindestens 3 Anmeldungen. Also \u2013 bring deine Freunde mit!<\/strong><\/em><\/p>\n\n\n\n<hr class=\"wp-block-separator has-alpha-channel-opacity\"\/>\n\n\n\n<h4 class=\"wp-block-heading\">\ud83d\udc49 <em>\u201eSei mit dabei \u2013 wir informieren dich als Mitglied zuerst!\u201c<\/em><\/h4>\n\n\n\n<p><strong>Einmal eine Zugangspauschale bezahlen und <strong> 4 Stunden &#8220;All IN&#8221; genie\u00dfen <\/strong>oder durch Erwerb einer Verzehrkarte von 10\u202f\u20ac oder 20\u202f\u20ac.<\/strong><br>Wir freuen uns auf dich! \ud83c\udf8a<\/p>\n\n\n\n<p><strong>Hinweis:<\/strong><\/p>\n\n\n\n<p>\ud83e\udd42 <em><strong>Drinks gibt\u2019s bei uns nur glasweise am Tresen \u2013 keine Flaschen ab 0,33 l.<\/strong><\/em><\/p>\n\n\n\n<p>\ud83d\udca1 <em><strong><mark style=\"background-color:rgba(0, 0, 0, 0)\" class=\"has-inline-color has-vivid-cyan-blue-color\">Bei unseren privaten Events, wie z.\u202fB. den Wohnzimmerpartys, bleibt die Au\u00dfenbeleuchtung ausgeschaltet, um die Privatsph\u00e4re unserer G\u00e4ste zu wahren.<\/mark><\/strong><\/em><\/p>\n\n\n\n<p><\/p>\n","protected":false},"excerpt":{"rendered":"<p>\ud83d\udd25 \u201eSichere dir deinen Platz im privaten Feier-Hotspot!\u201c Feier smart \u2013 zahl nur einmal! \ud83c\udf7b \ud83d\udd25 Bei unseren privaten Wohnzimmer-Partys verwandelt sich \u201eUnsere Kleine Kneipe \u2013 Die Privaten Partymacher\u201c in deinen ganz pers\u00f6nlichen privaten Feier-Hotspot \u2013 und das zum Festpreis! \ud83d\udcb0 Was bedeutet das f\u00fcr dich? \ud83d\udc49 Unsere privaten Wohnzimmer-Partys sind nicht kommerziell. F\u00fcr Organisation, [&hellip;]<\/p>\n","protected":false},"author":1,"featured_media":0,"parent":0,"menu_order":0,"comment_status":"closed","ping_status":"closed","template":"","meta":{"_joinchat":[],"footnotes":""},"class_list":["post-617","page","type-page","status-publish","hentry"],"_links":{"self":[{"href":"https:\/\/www.hostel-center.com\/flatrate\/index.php?rest_route=\/wp\/v2\/pages\/617","targetHints":{"allow":["GET"]}}],"collection":[{"href":"https:\/\/www.hostel-center.com\/flatrate\/index.php?rest_route=\/wp\/v2\/pages"}],"about":[{"href":"https:\/\/www.hostel-center.com\/flatrate\/index.php?rest_route=\/wp\/v2\/types\/page"}],"author":[{"embeddable":true,"href":"https:\/\/www.hostel-center.com\/flatrate\/index.php?rest_route=\/wp\/v2\/users\/1"}],"replies":[{"embeddable":true,"href":"https:\/\/www.hostel-center.com\/flatrate\/index.php?rest_route=%2Fwp%2Fv2%2Fcomments&post=617"}],"version-history":[{"count":38,"href":"https:\/\/www.hostel-center.com\/flatrate\/index.php?rest_route=\/wp\/v2\/pages\/617\/revisions"}],"predecessor-version":[{"id":1640,"href":"https:\/\/www.hostel-center.com\/flatrate\/index.php?rest_route=\/wp\/v2\/pages\/617\/revisions\/1640"}],"wp:attachment":[{"href":"https:\/\/www.hostel-center.com\/flatrate\/index.php?rest_route=%2Fwp%2Fv2%2Fmedia&parent=617"}],"curies":[{"name":"wp","href":"https:\/\/api.w.org\/{rel}","templated":true}]}}